{"id":2322,"date":"2026-03-25T09:19:36","date_gmt":"2026-03-25T09:19:36","guid":{"rendered":"https:\/\/reklamto.de\/?page_id=2322"},"modified":"2026-03-27T08:20:15","modified_gmt":"2026-03-27T08:20:15","slug":"deutsch-tuerkische-uebersetzung-spreche-almanca-ceviri","status":"publish","type":"page","link":"https:\/\/reklamto.de\/tr\/deutsch-tuerkische-uebersetzung-spreche-almanca-ceviri\/","title":{"rendered":"Almanca-T\u00fcrk\u00e7e \u00c7eviri \u00d6\u011fren Konu\u015f Almanca"},"content":{"rendered":"<h1 class=\"wp-block-heading has-medium-font-size\">Almanca-T\u00fcrk\u00e7e Terc\u00fcme \u00d6\u011fren Konu\u015f Bayrak Yaz<\/h1>\n\n\n\n<h2 class=\"wp-block-heading has-small-font-size\">Almanca Okuma, \u00d6\u011frenme, Yazma<\/h2>\n\n\n\n<h2 class=\"wp-block-heading\">Almanca T\u00fcrk\u00e7e \u00c7evirmen \u2013 Kolayca T\u00fcrk\u00e7e \u00d6\u011frenin, Okuyun ve Yaz\u0131n<\/h2>\n\n\n\n<p>Web sitemize ho\u015f geldiniz <strong>Almanca T\u00fcrk\u00e7e \u00c7eviri<\/strong>! Modernimizle <strong>\u00c7evrimi\u00e7i Terc\u00fcman<\/strong> \u00e7ok basit bir \u015fekilde yapabilir misin <strong>T\u00fcrk\u00e7e \u00f6\u011frenmek, okumak ve yazmak<\/strong> \u2013 h\u0131zl\u0131, \u00fccretsiz ve kullan\u0131c\u0131 dostu.<\/p>\n\n\n\n<h3 class=\"wp-block-heading\">\ud83c\udf0d Almanca T\u00fcrk\u00e7e \u00c7evirmen online<\/h3>\n\n\n\n<p>Bizim <strong>Almanca-T\u00fcrk\u00e7e \u00c7evirmen<\/strong> metinleri an\u0131nda \u00e7evirmene yard\u0131mc\u0131 olur. Tek tek kelimeler, c\u00fcmleler veya t\u00fcm metinler olsun, saniyeler i\u00e7inde do\u011fru \u00e7eviriyi al\u0131rs\u0131n\u0131z.<\/p>\n\n\n\n<p>\ud83d\udc49 \u0130\u00e7in ideal:<\/p>\n\n\n\n<ul class=\"wp-block-list\">\n<li>\u00d6\u011frenciler<\/li>\n\n\n\n<li>T\u00fcrkiye'ye seyahat edenler<\/li>\n\n\n\n<li>T\u00fcrk\u00e7e \u00f6\u011frenmek isteyen insanlar<\/li>\n\n\n\n<li>\u0130\u015f \u0130nsanlar\u0131 ve \u0130leti\u015fim<\/li>\n<\/ul>\n\n\n\n<div class=\"wp-block-media-text is-stacked-on-mobile\"><figure class=\"wp-block-media-text__media\"><a href=\"https:\/\/translate.google.com\/?hl=de&amp;sl=tr&amp;tl=de&amp;op=translate\" target=\"_blank\" rel=\"noopener\"><img loading=\"lazy\" decoding=\"async\" width=\"679\" height=\"285\" src=\"https:\/\/reklamto.de\/wp-content\/uploads\/2026\/03\/Screenshot-2026-03-25-103032.png\" alt=\"\" class=\"wp-image-2331 size-full\" srcset=\"https:\/\/reklamto.de\/wp-content\/uploads\/2026\/03\/Screenshot-2026-03-25-103032.png 679w, https:\/\/reklamto.de\/wp-content\/uploads\/2026\/03\/Screenshot-2026-03-25-103032-300x126.png 300w, https:\/\/reklamto.de\/wp-content\/uploads\/2026\/03\/Screenshot-2026-03-25-103032-18x8.png 18w\" sizes=\"auto, (max-width: 679px) 100vw, 679px\" \/><\/a><\/figure><div class=\"wp-block-media-text__content\">\n<p><\/p>\n\n\n\n<figure class=\"wp-block-image size-full\"><a href=\"https:\/\/reklamto.de\"><img loading=\"lazy\" decoding=\"async\" width=\"530\" height=\"561\" src=\"https:\/\/reklamto.de\/wp-content\/uploads\/2026\/03\/Screenshot-2026-03-20-112403.png\" alt=\"\" class=\"wp-image-2326\" srcset=\"https:\/\/reklamto.de\/wp-content\/uploads\/2026\/03\/Screenshot-2026-03-20-112403.png 530w, https:\/\/reklamto.de\/wp-content\/uploads\/2026\/03\/Screenshot-2026-03-20-112403-283x300.png 283w, https:\/\/reklamto.de\/wp-content\/uploads\/2026\/03\/Screenshot-2026-03-20-112403-11x12.png 11w\" sizes=\"auto, (max-width: 530px) 100vw, 530px\" \/><\/a><\/figure>\n<\/div><\/div>\n\n\n\n<h3 class=\"wp-block-heading\">T\u00fcrk\u00e7e \u00f6\u011frenmek kolayla\u015ft\u0131<\/h3>\n\n\n\n<p>Platformumuz ile sen <strong>T\u00fcrk\u00e7e \u00e7evrimi\u00e7i \u00f6\u011frenin<\/strong>:<\/p>\n\n\n\n<ul class=\"wp-block-list\">\n<li>Temel Almanca Kelime Bilgisi \u2013 T\u00fcrk\u00e7e<\/li>\n\n\n\n<li>T\u00fcrk\u00e7e okuma ve yazma<\/li>\n\n\n\n<li>Basit dilbilgisi a\u00e7\u0131klamalar\u0131<\/li>\n\n\n\n<li>G\u00fcnl\u00fck hayat i\u00e7in pratik \u00f6rnekler<\/li>\n<\/ul>\n\n\n\n<h3 class=\"wp-block-heading\">T\u00fcrk\u00e7e Okuma ve Yazma<\/h3>\n\n\n\n<p>\u015eunlar\u0131 nas\u0131l yapaca\u011f\u0131n\u0131z\u0131 \u00f6\u011frenin:<\/p>\n\n\n\n<ul class=\"wp-block-list\">\n<li>T\u00fcrk\u00e7e kelimeleri do\u011fru okumak<\/li>\n\n\n\n<li>Kendi metinlerini T\u00fcrk\u00e7e yaz\u0131yorsun<\/li>\n\n\n\n<li>T\u00fcrk\u00e7eyi daha iyi anlars\u0131n<\/li>\n<\/ul>\n\n\n\n<p>Ara\u00e7 \u00f6\u011frenmeyi kolay ve etkili hale getiriyor.<\/p>\n\n\n\n<h3 class=\"wp-block-heading\">T\u00fcrk Bayra\u011f\u0131 ve K\u00fclt\u00fcr\u00fc<\/h3>\n\n\n\n<p>Hakk\u0131nda daha fazlas\u0131n\u0131 ke\u015ffedin <strong>T\u00fcrk bayra\u011f\u0131<\/strong>, Dil ve k\u00fclt\u00fcr. K\u00fclt\u00fcrel bilgiyle dilin anla\u015f\u0131lmas\u0131 daha da kolay ve heyecan verici hale gelir.<\/p>\n\n\n\n<h3 class=\"wp-block-heading\">\ud83d\ude80 Neden Websitemiz?<\/h3>\n\n\n\n<ul class=\"wp-block-list\">\n<li>H\u0131zl\u0131 <strong>Almanca T\u00fcrk\u00e7e \u00c7evirmen \u00e7evrimi\u00e7i<\/strong><\/li>\n\n\n\n<li>Kullan\u0131m\u0131 kolay<\/li>\n\n\n\n<li>100% \u00fccretsiz<\/li>\n\n\n\n<li>Ba\u015flang\u0131\u00e7 ve ileri seviyeler i\u00e7in ideal<\/li>\n\n\n\n<li>En iyi sonu\u00e7lar i\u00e7in SEO'ya uyarlanm\u0131\u015f<\/li>\n<\/ul>\n\n\n\n<script data-ad-client=\"ca-pub-0493981314266955\" async=\"\" src=\"https:\/\/pagead2.googlesyndication.com\/pagead\/js\/adsbygoogle.js\" type=\"text\/javascript\">\n<\/script>\n\n\n\n<div class=\"wp-block-group alignfull has-background-color is-layout-constrained wp-container-core-group-is-layout-5d2f8bdc wp-block-group-is-layout-constrained\" style=\"margin-top:0;margin-bottom:0;padding-top:var(--wp--preset--spacing--40);padding-right:var(--wp--preset--spacing--30);padding-bottom:var(--wp--preset--spacing--40);padding-left:var(--wp--preset--spacing--30)\">\n<div class=\"wp-block-group alignwide is-content-justification-space-between is-layout-flex wp-container-core-group-is-layout-b585a4aa wp-block-group-is-layout-flex\">\n<div class=\"wp-block-group is-layout-flex wp-block-group-is-layout-flex\"><nav class=\"has-small-font-size is-responsive items-justified-left wp-block-navigation is-content-justification-left is-layout-flex wp-container-core-navigation-is-layout-8eed085e wp-block-navigation-is-layout-flex\" aria-label=\"Altbilgi navigasyonu\" \n\t\t data-wp-interactive=\"core\/navigation\" data-wp-context='{\"overlayOpenedBy\":{\"click\":false,\"hover\":false,\"focus\":false},\"type\":\"overlay\",\"roleAttribute\":\"\",\"ariaLabel\":\"Men\\u00fc\"}'><button aria-haspopup=\"dialog\" aria-label=\"Menuy\u00fc a\u00e7\" class=\"wp-block-navigation__responsive-container-open\" \n\t\t\t\tdata-wp-on--click=\"actions.openMenuOnClick\"\n\t\t\t\tdata-wp-on--keydown=\"actions.handleMenuKeydown\"\n\t\t\t><svg width=\"24\" height=\"24\" xmlns=\"http:\/\/www.w3.org\/2000\/svg\" viewbox=\"0 0 24 24\" aria-hidden=\"true\" focusable=\"false\"><path d=\"M4 7.5h16v1.5H4z\"><\/path><path d=\"M4 15h16v1.5H4z\"><\/path><\/svg><\/button>\n\t\t\t\t<div class=\"wp-block-navigation__responsive-container\"  id=\"modal-1\" \n\t\t\t\tdata-wp-class--has-modal-open=\"state.isMenuOpen\"\n\t\t\t\tdata-wp-class--is-menu-open=\"state.isMenuOpen\"\n\t\t\t\tdata-wp-watch=\"callbacks.initMenu\"\n\t\t\t\tdata-wp-on--keydown=\"actions.handleMenuKeydown\"\n\t\t\t\tdata-wp-on--focusout=\"actions.handleMenuFocusout\"\n\t\t\t\ttabindex=\"-1\"\n\t\t\t>\n\t\t\t\t\t<div class=\"wp-block-navigation__responsive-close\" tabindex=\"-1\">\n\t\t\t\t\t\t<div class=\"wp-block-navigation__responsive-dialog\" \n\t\t\t\tdata-wp-bind--aria-modal=\"state.ariaModal\"\n\t\t\t\tdata-wp-bind--aria-label=\"state.ariaLabel\"\n\t\t\t\tdata-wp-bind--role=\"state.roleAttribute\"\n\t\t\t>\n\t\t\t\t\t\t\t<button aria-label=\"Menuy\u00fc kapat\" class=\"wp-block-navigation__responsive-container-close\" \n\t\t\t\tdata-wp-on--click=\"actions.closeMenuOnClick\"\n\t\t\t><svg xmlns=\"http:\/\/www.w3.org\/2000\/svg\" viewbox=\"0 0 24 24\" width=\"24\" height=\"24\" aria-hidden=\"true\" focusable=\"false\"><path d=\"m13.06 12 6.47-6.47-1.06-1.06L12 10.94 5.53 4.47 4.47 5.53 10.94 12l-6.47 6.47 1.06 1.06L12 13.06l6.47 6.47 1.06-1.06L13.06 12Z\"><\/path><\/svg><\/button>\n\t\t\t\t\t\t\t<div class=\"wp-block-navigation__responsive-container-content\" \n\t\t\t\tdata-wp-watch=\"callbacks.focusFirstElement\"\n\t\t\t id=\"modal-1-content\">\n\t\t\t\t\t\t\t\t<ul class=\"wp-block-navigation__container has-small-font-size is-responsive items-justified-left wp-block-navigation has-small-font-size\"><li class=\"has-small-font-size wp-block-navigation-item wp-block-navigation-link\"><a class=\"wp-block-navigation-item__content\" href=\"https:\/\/reklamto.de\/tr\/impressum\/\"><span class=\"wp-block-navigation-item__label\">K\u00fcnye<\/span><\/a><\/li><li class=\"has-small-font-size wp-block-navigation-item wp-block-navigation-link\"><a class=\"wp-block-navigation-item__content\" href=\"https:\/\/reklamto.de\/tr\/agb\/\"><span class=\"wp-block-navigation-item__label\">SYG<\/span><\/a><\/li><li class=\"has-small-font-size wp-block-navigation-item wp-block-navigation-link\"><a class=\"wp-block-navigation-item__content\" href=\"https:\/\/reklamto.de\/tr\/datenschutzerklaerung\/\"><span class=\"wp-block-navigation-item__label\">Gizlilik ve veri koruma<\/span><\/a><\/li><\/ul>\n\t\t\t\t\t\t\t<\/div>\n\t\t\t\t\t\t<\/div>\n\t\t\t\t\t<\/div>\n\t\t\t\t<\/div><\/nav><\/div>\n\n\n\n<p class=\"has-small-font-size\"> Gururla desteklenmektedir <a rel=\"nofollow noopener\" href=\"https:\/\/wordpress.org\" target=\"_blank\">WordPress<\/a> <\/p>\n<\/div>\n<\/div>\n\n\n\n<p><\/p>","protected":false},"excerpt":{"rendered":"<p>Deutsch-T\u00fcrkische \u00dcbersetzung Lernen Sprechen Flagge Schreiben Almanca Okumak \u00d6renmek Yazmak Deutsch T\u00fcrkisch \u00dcbersetzer \u2013 Einfach T\u00fcrkisch lernen, lesen und schreiben [&hellip;]<\/p>\n","protected":false},"author":1,"featured_media":0,"parent":0,"menu_order":0,"comment_status":"closed","ping_status":"closed","template":"","meta":{"site-sidebar-layout":"default","site-content-layout":"","ast-site-content-layout":"default","site-content-style":"default","site-sidebar-style":"default","ast-global-header-display":"","ast-banner-title-visibility":"","ast-main-header-display":"","ast-hfb-above-header-display":"","ast-hfb-below-header-display":"","ast-hfb-mobile-header-display":"","site-post-title":"","ast-breadcrumbs-content":"","ast-featured-img":"","footer-sml-layout":"","ast-disable-related-posts":"","theme-transparent-header-meta":"","adv-header-id-meta":"","stick-header-meta":"","header-above-stick-meta":"","header-main-stick-meta":"","header-below-stick-meta":"","astra-migrate-meta-layouts":"default","ast-page-background-enabled":"default","ast-page-background-meta":{"desktop":{"background-color":"var(--ast-global-color-5)","background-image":"","background-repeat":"repeat","background-position":"center center","background-size":"auto","background-attachment":"scroll","background-type":"","background-media":"","overlay-type":"","overlay-color":"","overlay-opacity":"","overlay-gradient":""},"tablet":{"background-color":"","background-image":"","background-repeat":"repeat","background-position":"center center","background-size":"auto","background-attachment":"scroll","background-type":"","background-media":"","overlay-type":"","overlay-color":"","overlay-opacity":"","overlay-gradient":""},"mobile":{"background-color":"","background-image":"","background-repeat":"repeat","background-position":"center center","background-size":"auto","background-attachment":"scroll","background-type":"","background-media":"","overlay-type":"","overlay-color":"","overlay-opacity":"","overlay-gradient":""}},"ast-content-background-meta":{"desktop":{"background-color":"var(--ast-global-color-4)","background-image":"","background-repeat":"repeat","background-position":"center center","background-size":"auto","background-attachment":"scroll","background-type":"","background-media":"","overlay-type":"","overlay-color":"","overlay-opacity":"","overlay-gradient":""},"tablet":{"background-color":"var(--ast-global-color-4)","background-image":"","background-repeat":"repeat","background-position":"center center","background-size":"auto","background-attachment":"scroll","background-type":"","background-media":"","overlay-type":"","overlay-color":"","overlay-opacity":"","overlay-gradient":""},"mobile":{"background-color":"var(--ast-global-color-4)","background-image":"","background-repeat":"repeat","background-position":"center center","background-size":"auto","background-attachment":"scroll","background-type":"","background-media":"","overlay-type":"","overlay-color":"","overlay-opacity":"","overlay-gradient":""}},"pgc_sgb_lightbox_settings":"","_themeisle_gutenberg_block_has_review":false,"footnotes":""},"class_list":["post-2322","page","type-page","status-publish","hentry"],"_links":{"self":[{"href":"https:\/\/reklamto.de\/tr\/wp-json\/wp\/v2\/pages\/2322","targetHints":{"allow":["GET"]}}],"collection":[{"href":"https:\/\/reklamto.de\/tr\/wp-json\/wp\/v2\/pages"}],"about":[{"href":"https:\/\/reklamto.de\/tr\/wp-json\/wp\/v2\/types\/page"}],"author":[{"embeddable":true,"href":"https:\/\/reklamto.de\/tr\/wp-json\/wp\/v2\/users\/1"}],"replies":[{"embeddable":true,"href":"https:\/\/reklamto.de\/tr\/wp-json\/wp\/v2\/comments?post=2322"}],"version-history":[{"count":0,"href":"https:\/\/reklamto.de\/tr\/wp-json\/wp\/v2\/pages\/2322\/revisions"}],"wp:attachment":[{"href":"https:\/\/reklamto.de\/tr\/wp-json\/wp\/v2\/media?parent=2322"}],"curies":[{"name":"wp","href":"https:\/\/api.w.org\/{rel}","templated":true}]}}