{"id":2345,"date":"2026-03-26T09:29:42","date_gmt":"2026-03-26T09:29:42","guid":{"rendered":"https:\/\/reklamto.de\/?page_id=2345"},"modified":"2026-04-05T10:14:38","modified_gmt":"2026-04-05T10:14:38","slug":"almanya-haberleri-son-dakika-guncel-indirimler-uygun","status":"publish","type":"page","link":"https:\/\/reklamto.de\/tr\/almanya-haberleri-son-dakika-guncel-indirimler-uygun\/","title":{"rendered":"Almanya Haberleri Son Dakika"},"content":{"rendered":"<h1 class=\"wp-block-heading has-medium-font-size\">Almanya Haberleri, Son Dakika ve En G\u00fcncel Geli\u015fmeler - Reklamto.de<\/h1>\n\n\n\n<h2 class=\"wp-block-heading has-small-font-size\">Haberler Almanya T\u00fcrkiye B\u00fclenti<\/h2>\n\n\n\n<div class=\"inherit-container-width wp-block-group alignfull is-style-ext-preset--group--natural-1--section has-ast-global-color-4-background-color has-background is-layout-constrained wp-block-group-is-layout-constrained\" style=\"margin-top:0;margin-bottom:0;padding-top:min(7rem, 10vw);padding-bottom:min(7rem, 10vw)\">\n<div class=\"wp-block-columns alignwide are-vertically-aligned-center is-layout-flex wp-container-core-columns-is-layout-174606dc wp-block-columns-is-layout-flex\">\n<div class=\"wp-block-column is-vertically-aligned-center is-layout-flow wp-block-column-is-layout-flow\">\n<figure class=\"wp-block-image size-full is-style-ext-preset--image--natural-1--image-1--content-right ext-animate--on\"><a href=\"https:\/\/reklamto.de\/\"><img loading=\"lazy\" decoding=\"async\" width=\"530\" height=\"561\" src=\"https:\/\/reklamto.de\/wp-content\/uploads\/2026\/03\/almanya-haberleri-son-dakika.png\" alt=\"\" class=\"wp-image-2348\" style=\"aspect-ratio:1;object-fit:cover\" srcset=\"https:\/\/reklamto.de\/wp-content\/uploads\/2026\/03\/almanya-haberleri-son-dakika.png 530w, https:\/\/reklamto.de\/wp-content\/uploads\/2026\/03\/almanya-haberleri-son-dakika-283x300.png 283w, https:\/\/reklamto.de\/wp-content\/uploads\/2026\/03\/almanya-haberleri-son-dakika-11x12.png 11w\" sizes=\"auto, (max-width: 530px) 100vw, 530px\" \/><\/a><\/figure>\n<\/div>\n\n\n\n<div class=\"wp-block-column is-vertically-aligned-center is-layout-flow wp-block-column-is-layout-flow\">\n<h2 class=\"wp-block-heading ext-animate--on\">Almanya Haberleri Son Dakika \u0130ndirimler<\/h2>\n\n\n\n<p class=\"ext-animate--on\" style=\"margin-top:1.5rem\">Reklamto.de, Almanya'da ya\u015fayan T\u00fcrk toplumu i\u00e7in en g\u00fcvenilir bilgi ve f\u0131rsat platformlar\u0131ndan biridir. Sitemizde <strong>Almanya Haberleri<\/strong>, <strong>Almanya Son Dakika geli\u015fmeleri<\/strong> ve <strong>Almanya G\u00fcncel Haberleri<\/strong> anl\u0131k olarak sunulmaktad\u0131r.<\/p>\n\n\n\n<p>Almanya'da olup bitenleri h\u0131zl\u0131 ve do\u011fru \u015fekilde takip etmek isteyenler i\u00e7in Reklamto.de ideal bir kaynakt\u0131r. \u0130ndirimler Firsatlar vs. haberlere, g\u00fcnl\u00fck ya\u015famdan \u00f6nemli duyurulara kadar t\u00fcm i\u00e7erikler tek bir platformda toplan\u0131r.<\/p>\n\n\n\n<h3 class=\"wp-block-heading\">Almanya Son Dakika Haberleri<\/h3>\n\n\n\n<p>Reklamto.de \u00fczerinden en son geli\u015fmeleri ka\u00e7\u0131rmadan takip edebilirsiniz. <strong>Almanya Son Dakika<\/strong> haberler s\u00fcrekli g\u00fcncellenir ve okuyuculara en h\u0131zl\u0131 \u015fekilde ula\u015ft\u0131r\u0131l\u0131r.<\/p>\n\n\n\n<h3 class=\"wp-block-heading\">G\u00fcncel Almanya Haberleri<\/h3>\n\n\n\n<p>G\u00fcndemi yak\u0131ndan takip etmek isteyenler i\u00e7in <strong>Almanya G\u00fcncel Haberleri<\/strong> kategorimizde en yeni ve do\u011fru i\u00e7erikler yer al\u0131r. Almanya'daki T\u00fcrk toplumu i\u00e7in \u00f6nemli olan t\u00fcm geli\u015fmeleri burada bulabilirsiniz.<\/p>\n\n\n\n<h3 class=\"wp-block-heading\">Alman-T\u00fcrk En \u0130yi Teklifler<\/h3>\n\n\n\n<p class=\"ext-animate--on\" style=\"margin-top:1.5rem\">Reklamto.de sadece haber platformu de\u011fil, ayn\u0131 zamanda <strong>Alman-T\u00fcrk en iyi teklifler<\/strong> sunan bir f\u0131rsat sitesidir. Almanya'da ya\u015fayanlar i\u00e7in en \u0432\u044b\u0433\u043e\u0434\u043d\u044b\u0435 (en iyi) kampanyalar, indirimler ve i\u015f f\u0131rsatlar\u0131 burada payla\u015f\u0131l\u0131r.<\/p>\n<\/div>\n<\/div>\n\n\n\n<script data-ad-client=\"ca-pub-0493981314266955\" async=\"\" src=\"https:\/\/pagead2.googlesyndication.com\/pagead\/js\/adsbygoogle.js\" type=\"text\/javascript\">\n<\/script>\n<\/div>\n\n\n\n<div class=\"wp-block-group alignfull has-background-color is-layout-constrained wp-container-core-group-is-layout-5d2f8bdc wp-block-group-is-layout-constrained\" style=\"margin-top:0;margin-bottom:0;padding-top:var(--wp--preset--spacing--40);padding-right:var(--wp--preset--spacing--30);padding-bottom:var(--wp--preset--spacing--40);padding-left:var(--wp--preset--spacing--30)\">\n<div class=\"wp-block-group alignwide is-content-justification-space-between is-layout-flex wp-container-core-group-is-layout-b585a4aa wp-block-group-is-layout-flex\">\n<div class=\"wp-block-group is-layout-flex wp-block-group-is-layout-flex\"><nav class=\"has-small-font-size is-responsive items-justified-left wp-block-navigation is-content-justification-left is-layout-flex wp-container-core-navigation-is-layout-8eed085e wp-block-navigation-is-layout-flex\" aria-label=\"Altbilgi navigasyonu\" \n\t\t data-wp-interactive=\"core\/navigation\" data-wp-context='{\"overlayOpenedBy\":{\"click\":false,\"hover\":false,\"focus\":false},\"type\":\"overlay\",\"roleAttribute\":\"\",\"ariaLabel\":\"Men\\u00fc\"}'><button aria-haspopup=\"dialog\" aria-label=\"Menuy\u00fc a\u00e7\" class=\"wp-block-navigation__responsive-container-open\" \n\t\t\t\tdata-wp-on--click=\"actions.openMenuOnClick\"\n\t\t\t\tdata-wp-on--keydown=\"actions.handleMenuKeydown\"\n\t\t\t><svg width=\"24\" height=\"24\" xmlns=\"http:\/\/www.w3.org\/2000\/svg\" viewbox=\"0 0 24 24\" aria-hidden=\"true\" focusable=\"false\"><path d=\"M4 7.5h16v1.5H4z\"><\/path><path d=\"M4 15h16v1.5H4z\"><\/path><\/svg><\/button>\n\t\t\t\t<div class=\"wp-block-navigation__responsive-container\"  id=\"modal-1\" \n\t\t\t\tdata-wp-class--has-modal-open=\"state.isMenuOpen\"\n\t\t\t\tdata-wp-class--is-menu-open=\"state.isMenuOpen\"\n\t\t\t\tdata-wp-watch=\"callbacks.initMenu\"\n\t\t\t\tdata-wp-on--keydown=\"actions.handleMenuKeydown\"\n\t\t\t\tdata-wp-on--focusout=\"actions.handleMenuFocusout\"\n\t\t\t\ttabindex=\"-1\"\n\t\t\t>\n\t\t\t\t\t<div class=\"wp-block-navigation__responsive-close\" tabindex=\"-1\">\n\t\t\t\t\t\t<div class=\"wp-block-navigation__responsive-dialog\" \n\t\t\t\tdata-wp-bind--aria-modal=\"state.ariaModal\"\n\t\t\t\tdata-wp-bind--aria-label=\"state.ariaLabel\"\n\t\t\t\tdata-wp-bind--role=\"state.roleAttribute\"\n\t\t\t>\n\t\t\t\t\t\t\t<button aria-label=\"Menuy\u00fc kapat\" class=\"wp-block-navigation__responsive-container-close\" \n\t\t\t\tdata-wp-on--click=\"actions.closeMenuOnClick\"\n\t\t\t><svg xmlns=\"http:\/\/www.w3.org\/2000\/svg\" viewbox=\"0 0 24 24\" width=\"24\" height=\"24\" aria-hidden=\"true\" focusable=\"false\"><path d=\"m13.06 12 6.47-6.47-1.06-1.06L12 10.94 5.53 4.47 4.47 5.53 10.94 12l-6.47 6.47 1.06 1.06L12 13.06l6.47 6.47 1.06-1.06L13.06 12Z\"><\/path><\/svg><\/button>\n\t\t\t\t\t\t\t<div class=\"wp-block-navigation__responsive-container-content\" \n\t\t\t\tdata-wp-watch=\"callbacks.focusFirstElement\"\n\t\t\t id=\"modal-1-content\">\n\t\t\t\t\t\t\t\t<ul class=\"wp-block-navigation__container has-small-font-size is-responsive items-justified-left wp-block-navigation has-small-font-size\"><li class=\"has-small-font-size wp-block-navigation-item wp-block-navigation-link\"><a class=\"wp-block-navigation-item__content\"  href=\"https:\/\/reklamto.de\/tr\/impressum\/\"><span class=\"wp-block-navigation-item__label\">K\u00fcnye<\/span><\/a><\/li><li class=\"has-small-font-size wp-block-navigation-item wp-block-navigation-link\"><a class=\"wp-block-navigation-item__content\"  href=\"https:\/\/reklamto.de\/tr\/agb\/\"><span class=\"wp-block-navigation-item__label\">SYG<\/span><\/a><\/li><li class=\"has-small-font-size wp-block-navigation-item wp-block-navigation-link\"><a class=\"wp-block-navigation-item__content\"  href=\"https:\/\/reklamto.de\/tr\/datenschutzerklaerung\/\"><span class=\"wp-block-navigation-item__label\">Gizlilik ve veri koruma<\/span><\/a><\/li><\/ul>\n\t\t\t\t\t\t\t<\/div>\n\t\t\t\t\t\t<\/div>\n\t\t\t\t\t<\/div>\n\t\t\t\t<\/div><\/nav><\/div>\n\n\n\n<p class=\"has-small-font-size\"> Gururla desteklenmektedir <a rel=\"nofollow noopener\" href=\"https:\/\/wordpress.org\" target=\"_blank\">WordPress<\/a> <\/p>\n<\/div>\n<\/div>\n\n\n\n<p><\/p>","protected":false},"excerpt":{"rendered":"<p>Almanya Haberleri, Son Dakika ve En G\u00fcncel Geli\u015fmeler \u2013 Reklamto.de Haberler Almanya T\u00fcrkiye B\u00fclenti Almanya Haberleri Son Dakika Indirimler Reklamto.de, [&hellip;]<\/p>\n","protected":false},"author":1,"featured_media":0,"parent":0,"menu_order":0,"comment_status":"closed","ping_status":"closed","template":"","meta":{"site-sidebar-layout":"default","site-content-layout":"","ast-site-content-layout":"default","site-content-style":"default","site-sidebar-style":"default","ast-global-header-display":"","ast-banner-title-visibility":"","ast-main-header-display":"","ast-hfb-above-header-display":"","ast-hfb-below-header-display":"","ast-hfb-mobile-header-display":"","site-post-title":"","ast-breadcrumbs-content":"","ast-featured-img":"","footer-sml-layout":"","ast-disable-related-posts":"","theme-transparent-header-meta":"","adv-header-id-meta":"","stick-header-meta":"","header-above-stick-meta":"","header-main-stick-meta":"","header-below-stick-meta":"","astra-migrate-meta-layouts":"default","ast-page-background-enabled":"default","ast-page-background-meta":{"desktop":{"background-color":"var(--ast-global-color-5)","background-image":"","background-repeat":"repeat","background-position":"center center","background-size":"auto","background-attachment":"scroll","background-type":"","background-media":"","overlay-type":"","overlay-color":"","overlay-opacity":"","overlay-gradient":""},"tablet":{"background-color":"","background-image":"","background-repeat":"repeat","background-position":"center center","background-size":"auto","background-attachment":"scroll","background-type":"","background-media":"","overlay-type":"","overlay-color":"","overlay-opacity":"","overlay-gradient":""},"mobile":{"background-color":"","background-image":"","background-repeat":"repeat","background-position":"center center","background-size":"auto","background-attachment":"scroll","background-type":"","background-media":"","overlay-type":"","overlay-color":"","overlay-opacity":"","overlay-gradient":""}},"ast-content-background-meta":{"desktop":{"background-color":"var(--ast-global-color-4)","background-image":"","background-repeat":"repeat","background-position":"center center","background-size":"auto","background-attachment":"scroll","background-type":"","background-media":"","overlay-type":"","overlay-color":"","overlay-opacity":"","overlay-gradient":""},"tablet":{"background-color":"var(--ast-global-color-4)","background-image":"","background-repeat":"repeat","background-position":"center center","background-size":"auto","background-attachment":"scroll","background-type":"","background-media":"","overlay-type":"","overlay-color":"","overlay-opacity":"","overlay-gradient":""},"mobile":{"background-color":"var(--ast-global-color-4)","background-image":"","background-repeat":"repeat","background-position":"center center","background-size":"auto","background-attachment":"scroll","background-type":"","background-media":"","overlay-type":"","overlay-color":"","overlay-opacity":"","overlay-gradient":""}},"pgc_sgb_lightbox_settings":"","_themeisle_gutenberg_block_has_review":false,"footnotes":""},"class_list":["post-2345","page","type-page","status-publish","hentry"],"_links":{"self":[{"href":"https:\/\/reklamto.de\/tr\/wp-json\/wp\/v2\/pages\/2345","targetHints":{"allow":["GET"]}}],"collection":[{"href":"https:\/\/reklamto.de\/tr\/wp-json\/wp\/v2\/pages"}],"about":[{"href":"https:\/\/reklamto.de\/tr\/wp-json\/wp\/v2\/types\/page"}],"author":[{"embeddable":true,"href":"https:\/\/reklamto.de\/tr\/wp-json\/wp\/v2\/users\/1"}],"replies":[{"embeddable":true,"href":"https:\/\/reklamto.de\/tr\/wp-json\/wp\/v2\/comments?post=2345"}],"version-history":[{"count":0,"href":"https:\/\/reklamto.de\/tr\/wp-json\/wp\/v2\/pages\/2345\/revisions"}],"wp:attachment":[{"href":"https:\/\/reklamto.de\/tr\/wp-json\/wp\/v2\/media?parent=2345"}],"curies":[{"name":"wp","href":"https:\/\/api.w.org\/{rel}","templated":true}]}}