{"id":782,"date":"2026-03-05T13:30:41","date_gmt":"2026-03-05T13:30:41","guid":{"rendered":"https:\/\/reklamto.de\/?page_id=782"},"modified":"2026-04-05T10:44:54","modified_gmt":"2026-04-05T10:44:54","slug":"mannheim-turkische-supermarkt-restaurant-stuttgart","status":"publish","type":"page","link":"https:\/\/reklamto.de\/tr\/mannheim-turkische-supermarkt-restaurant-stuttgart\/","title":{"rendered":"Baden-W\u00fcrttemberg"},"content":{"rendered":"\n<h1 class=\"wp-block-heading\">T\u00fcrkische Restaurant Supermarkt Mannheim Stuttgart uva.<\/h1>\n\n\n\n<div class=\"wp-block-group alignfull is-layout-constrained wp-container-core-group-is-layout-23b1a4dc wp-block-group-is-layout-constrained\" style=\"padding-top:var(--wp--preset--spacing--30);padding-right:var(--wp--preset--spacing--30);padding-bottom:var(--wp--preset--spacing--30);padding-left:var(--wp--preset--spacing--30)\"><div class=\"pgc-sgb-cb wp-block-pgcsimplygalleryblock-slider \" data-gallery-id=\"93868474\"style=&quot;min-height:400px&quot;><div class=\"sgb-preloader\" id=\"pr_93868474\">\n\t<div class=\"sgb-square\" style=\"background:#d4d4d4\"><\/div>\n\t<div class=\"sgb-square\" style=\"background:#d4d4d4\"><\/div>\n\t<div class=\"sgb-square\" style=\"background:#d4d4d4\"><\/div>\n\t<div class=\"sgb-square\" style=\"background:#d4d4d4\"><\/div><\/div><div class=\"simply-gallery-amp pgc_sgb_slider \"><noscript><div class=\"sgb-gallery\"><div class=\"sgb-item\"><a href=\"https:\/\/reklamto.de\/pgc_simply_gallery\/baden-wuerttemberg\/turkische-olivenol-grune-schwarze-oliven-mannheim\/\" target=\"_blank\"><img decoding=\"async\" alt=\"T\u00fcrkische Oliven Oliven\u00f6l Mannheim Gr\u00fcne Schwarze\" width=\"200\" height=\"300\" loading=\"lazy\" src=\"https:\/\/reklamto.de\/wp-content\/uploads\/2026\/03\/turkische-olivenol-grune-schwarze-oliven-mannheim-200x300.jpeg\" srcset=\"https:\/\/reklamto.de\/wp-content\/uploads\/2026\/03\/turkische-olivenol-grune-schwarze-oliven-mannheim-200x300.jpeg 200w,https:\/\/reklamto.de\/wp-content\/uploads\/2026\/03\/turkische-olivenol-grune-schwarze-oliven-mannheim-683x1024.jpeg 683w,https:\/\/reklamto.de\/wp-content\/uploads\/2026\/03\/turkische-olivenol-grune-schwarze-oliven-mannheim.jpeg 1024w\" sizes=\"auto, 250px\"\/><\/a><div class=\"sgb-item-caption\"><em>T\u00fcrkische Oliven Mannheim <\/em><\/div><\/div><div class=\"sgb-item\"><a href=\"https:\/\/reklamto.de\/pgc_simply_gallery\/rheinland-pfalz\/chatgpt-image-28-maerz-2026-10_26_47\/\" target=\"_blank\"><img decoding=\"async\" alt=\"\" width=\"300\" height=\"200\" loading=\"lazy\" src=\"https:\/\/reklamto.de\/wp-content\/uploads\/2026\/03\/ChatGPT-Image-28.-Maerz-2026-10_26_47-300x200.png\" srcset=\"https:\/\/reklamto.de\/wp-content\/uploads\/2026\/03\/ChatGPT-Image-28.-Maerz-2026-10_26_47-300x200.png 300w,https:\/\/reklamto.de\/wp-content\/uploads\/2026\/03\/ChatGPT-Image-28.-Maerz-2026-10_26_47-1024x683.png 1024w,https:\/\/reklamto.de\/wp-content\/uploads\/2026\/03\/ChatGPT-Image-28.-Maerz-2026-10_26_47.png 1536w\" sizes=\"auto, 250px\"\/><\/a><\/div><div class=\"sgb-item\"><a href=\"https:\/\/reklamto.de\/pgc_simply_gallery\/baden-wuerttemberg\/guldur-guldur-mannheim-2026-biletleri-2\/\" target=\"_blank\"><img decoding=\"async\" alt=\"\" width=\"168\" height=\"300\" loading=\"lazy\" src=\"https:\/\/reklamto.de\/wp-content\/uploads\/2026\/03\/guldur-guldur-mannheim-2026-biletleri-1-168x300.jpg\" srcset=\"https:\/\/reklamto.de\/wp-content\/uploads\/2026\/03\/guldur-guldur-mannheim-2026-biletleri-1-168x300.jpg 168w,https:\/\/reklamto.de\/wp-content\/uploads\/2026\/03\/guldur-guldur-mannheim-2026-biletleri-1-572x1024.jpg 572w,https:\/\/reklamto.de\/wp-content\/uploads\/2026\/03\/guldur-guldur-mannheim-2026-biletleri-1.jpg 1072w\" sizes=\"auto, 250px\"\/><\/a><\/div><div class=\"sgb-item\"><video controls preload=\"none\"  src=\"https:\/\/reklamto.de\/wp-content\/uploads\/2026\/03\/emre-aydin-konser-almanya-mannheim-biletleri.mp4\"><\/video><\/div><div class=\"sgb-item\"><video controls preload=\"none\"  src=\"https:\/\/reklamto.de\/wp-content\/uploads\/2026\/03\/ozcan-deniz-konser-almanya-mannheim-biletleri.mp4\"><\/video><\/div><\/div><\/noscript><\/div><script type=\"application\/json\" class=\"sgb-data\">{\"externalLinkDefName\":\"Click here\",\"collectionThumbSubMenuDownload\":false,\"sliderAdminWidth\":1200,\"galleryType\":\"pgc_sgb_slider\",\"galleryId\":\"93868474\",\"images\":[{\"id\":2416,\"title\":\"turkische-olivenol-grune-schwarze-oliven-mannheim\",\"url\":\"https:\/\/reklamto.de\/wp-content\/uploads\/2026\/03\/turkische-olivenol-grune-schwarze-oliven-mannheim.jpeg\",\"link\":\"https:\/\/reklamto.de\/pgc_simply_gallery\/baden-wuerttemberg\/turkische-olivenol-grune-schwarze-oliven-mannheim\/\",\"alt\":\"T\u00fcrkische Oliven Oliven\u00f6l Mannheim Gr\u00fcne Schwarze\",\"description\":\"T\u00fcrkische Oliven Oliven\u00f6l Mannheim Gr\u00fcne Schwarze\",\"caption\":\"T\u00fcrkische Oliven Mannheim \",\"mime\":\"image\/jpeg\",\"type\":\"image\",\"width\":1024,\"height\":1536,\"sizes\":{\"thumbnail\":{\"height\":150,\"width\":150,\"url\":\"https:\/\/reklamto.de\/wp-content\/uploads\/2026\/03\/turkische-olivenol-grune-schwarze-oliven-mannheim-150x150.jpeg\",\"orientation\":\"landscape\"},\"medium\":{\"height\":300,\"width\":200,\"url\":\"https:\/\/reklamto.de\/wp-content\/uploads\/2026\/03\/turkische-olivenol-grune-schwarze-oliven-mannheim-200x300.jpeg\",\"orientation\":\"portrait\"},\"large\":{\"height\":1024,\"width\":683,\"url\":\"https:\/\/reklamto.de\/wp-content\/uploads\/2026\/03\/turkische-olivenol-grune-schwarze-oliven-mannheim-683x1024.jpeg\",\"orientation\":\"portrait\"},\"full\":{\"url\":\"https:\/\/reklamto.de\/wp-content\/uploads\/2026\/03\/turkische-olivenol-grune-schwarze-oliven-mannheim.jpeg\",\"height\":1536,\"width\":1024,\"orientation\":\"portrait\"}},\"imageMeta\":{\"aperture\":\"0\",\"credit\":\"\",\"camera\":\"\",\"caption\":\"\",\"created_timestamp\":\"0\",\"copyright\":\"\",\"focal_length\":\"0\",\"iso\":\"0\",\"shutter_speed\":\"0\",\"title\":\"\",\"orientation\":\"0\",\"keywords\":[]},\"meta\":false,\"postlink\":\"https:\/\/reklamto.de\/pgc_simply_gallery\/baden-wuerttemberg\/turkische-olivenol-grune-schwarze-oliven-mannheim\/\"},{\"id\":2370,\"title\":\"ChatGPT Image 28. M\u00e4rz 2026, 10_26_47\",\"url\":\"https:\/\/reklamto.de\/wp-content\/uploads\/2026\/03\/ChatGPT-Image-28.-Maerz-2026-10_26_47.png\",\"link\":\"https:\/\/reklamto.de\/pgc_simply_gallery\/rheinland-pfalz\/chatgpt-image-28-maerz-2026-10_26_47\/\",\"alt\":\"\",\"description\":\"\",\"caption\":\"\",\"mime\":\"image\/png\",\"type\":\"image\",\"width\":1536,\"height\":1024,\"sizes\":{\"thumbnail\":{\"height\":150,\"width\":150,\"url\":\"https:\/\/reklamto.de\/wp-content\/uploads\/2026\/03\/ChatGPT-Image-28.-Maerz-2026-10_26_47-150x150.png\",\"orientation\":\"landscape\"},\"medium\":{\"height\":200,\"width\":300,\"url\":\"https:\/\/reklamto.de\/wp-content\/uploads\/2026\/03\/ChatGPT-Image-28.-Maerz-2026-10_26_47-300x200.png\",\"orientation\":\"landscape\"},\"large\":{\"height\":683,\"width\":1024,\"url\":\"https:\/\/reklamto.de\/wp-content\/uploads\/2026\/03\/ChatGPT-Image-28.-Maerz-2026-10_26_47-1024x683.png\",\"orientation\":\"landscape\"},\"full\":{\"url\":\"https:\/\/reklamto.de\/wp-content\/uploads\/2026\/03\/ChatGPT-Image-28.-Maerz-2026-10_26_47.png\",\"height\":1024,\"width\":1536,\"orientation\":\"landscape\"}},\"imageMeta\":{\"aperture\":\"0\",\"credit\":\"\",\"camera\":\"\",\"caption\":\"\",\"created_timestamp\":\"0\",\"copyright\":\"\",\"focal_length\":\"0\",\"iso\":\"0\",\"shutter_speed\":\"0\",\"title\":\"\",\"orientation\":\"0\",\"keywords\":[]},\"meta\":false,\"postlink\":\"https:\/\/reklamto.de\/pgc_simply_gallery\/rheinland-pfalz\/chatgpt-image-28-maerz-2026-10_26_47\/\"},{\"id\":2433,\"title\":\"guldur-guldur-mannheim-2026-biletleri\",\"url\":\"https:\/\/reklamto.de\/wp-content\/uploads\/2026\/03\/guldur-guldur-mannheim-2026-biletleri-1.jpg\",\"link\":\"https:\/\/reklamto.de\/pgc_simply_gallery\/baden-wuerttemberg\/guldur-guldur-mannheim-2026-biletleri-2\/\",\"alt\":\"\",\"description\":\"\",\"caption\":\"\",\"mime\":\"image\/jpeg\",\"type\":\"image\",\"width\":1072,\"height\":1920,\"sizes\":{\"thumbnail\":{\"height\":150,\"width\":150,\"url\":\"https:\/\/reklamto.de\/wp-content\/uploads\/2026\/03\/guldur-guldur-mannheim-2026-biletleri-1-150x150.jpg\",\"orientation\":\"landscape\"},\"medium\":{\"height\":300,\"width\":168,\"url\":\"https:\/\/reklamto.de\/wp-content\/uploads\/2026\/03\/guldur-guldur-mannheim-2026-biletleri-1-168x300.jpg\",\"orientation\":\"portrait\"},\"large\":{\"height\":1024,\"width\":572,\"url\":\"https:\/\/reklamto.de\/wp-content\/uploads\/2026\/03\/guldur-guldur-mannheim-2026-biletleri-1-572x1024.jpg\",\"orientation\":\"portrait\"},\"full\":{\"url\":\"https:\/\/reklamto.de\/wp-content\/uploads\/2026\/03\/guldur-guldur-mannheim-2026-biletleri-1.jpg\",\"height\":1920,\"width\":1072,\"orientation\":\"portrait\"}},\"imageMeta\":{\"aperture\":\"0\",\"credit\":\"\",\"camera\":\"\",\"caption\":\"\",\"created_timestamp\":\"0\",\"copyright\":\"\",\"focal_length\":\"0\",\"iso\":\"0\",\"shutter_speed\":\"0\",\"title\":\"\",\"orientation\":\"0\",\"keywords\":[]},\"meta\":false,\"postlink\":\"https:\/\/reklamto.de\/pgc_simply_gallery\/baden-wuerttemberg\/guldur-guldur-mannheim-2026-biletleri-2\/\"},{\"id\":2448,\"title\":\"emre-aydin-konser-almanya-mannheim-biletleri\",\"url\":\"https:\/\/reklamto.de\/wp-content\/uploads\/2026\/03\/emre-aydin-konser-almanya-mannheim-biletleri.mp4\",\"link\":\"https:\/\/reklamto.de\/pgc_simply_gallery\/baden-wuerttemberg\/emre-aydin-konser-almanya-mannheim-biletleri\/\",\"alt\":\"\",\"description\":\"\",\"caption\":\"\",\"mime\":\"video\/mp4\",\"type\":\"video\",\"image\":{\"src\":\"https:\/\/reklamto.de\/wp-includes\/images\/media\/video.svg\",\"width\":48,\"height\":64},\"thumb\":{\"src\":\"https:\/\/reklamto.de\/wp-includes\/images\/media\/video.svg\",\"width\":48,\"height\":64},\"width\":368,\"height\":624,\"fileLength\":\"0:05\",\"meta\":{\"artist\":false,\"album\":false,\"bitrate\":1362505,\"bitrate_mode\":false},\"postlink\":\"https:\/\/reklamto.de\/pgc_simply_gallery\/baden-wuerttemberg\/emre-aydin-konser-almanya-mannheim-biletleri\/\"},{\"id\":2449,\"title\":\"ozcan-deniz-konser-almanya-mannheim-biletleri\",\"url\":\"https:\/\/reklamto.de\/wp-content\/uploads\/2026\/03\/ozcan-deniz-konser-almanya-mannheim-biletleri.mp4\",\"link\":\"https:\/\/reklamto.de\/pgc_simply_gallery\/baden-wuerttemberg\/ozcan-deniz-konser-almanya-mannheim-biletleri\/\",\"alt\":\"\",\"description\":\"\",\"caption\":\"\",\"mime\":\"video\/mp4\",\"type\":\"video\",\"image\":{\"src\":\"https:\/\/reklamto.de\/wp-includes\/images\/media\/video.svg\",\"width\":48,\"height\":64},\"thumb\":{\"src\":\"https:\/\/reklamto.de\/wp-includes\/images\/media\/video.svg\",\"width\":48,\"height\":64},\"width\":368,\"height\":624,\"fileLength\":\"0:12\",\"meta\":{\"artist\":false,\"album\":false,\"bitrate\":1581677,\"bitrate_mode\":false},\"postlink\":\"https:\/\/reklamto.de\/pgc_simply_gallery\/baden-wuerttemberg\/ozcan-deniz-konser-almanya-mannheim-biletleri\/\"}],\"itemsMetaDataCollection\":[{\"link\":\"https:\/\/www.instagram.com\/mannheimhaber123\",\"linkTarget\":\"_blank\",\"linkText\":\"\",\"tags\":[],\"id\":2416},{\"link\":\"https:\/\/wa.me\/491623906116\",\"linkTarget\":\"_self\",\"linkText\":\"\",\"tags\":[],\"id\":2370},{\"link\":\"https:\/\/www.instagram.com\/mannheim_konser_event\/reels\/\",\"linkTarget\":\"_blank\",\"linkText\":\"\",\"tags\":[],\"id\":2433},{\"link\":\"https:\/\/www.instagram.com\/mannheim_konser_event\/reels\/\",\"linkTarget\":\"_blank\",\"linkText\":\"\",\"tags\":[],\"id\":2448},{\"link\":\"https:\/\/www.instagram.com\/bloomgmbh?igsh=c2pnNTk5aTlsY3du\",\"linkTarget\":\"_blank\",\"linkText\":\"\",\"tags\":[],\"id\":2449}],\"orderBy\":\"random\",\"ordrerDirection\":\"-1\",\"customCSS\":\"\",\"shareTwitter\":false,\"sharePinterest\":false,\"sliderItemDownload\":false,\"hasCustomCSS\":false,\"TrpContentRestriction\":{\"restriction_type\":\"exclude\",\"selected_languages\":[],\"panel_open\":true},\"otterConditions\":[]}<\/script><script>(function(){if(window.PGC_SGB && window.PGC_SGB.searcher){window.PGC_SGB.searcher.initBlocks()}})()<\/script><\/div>\n<\/div>\n\n\n<p data-start=\"71\" data-end=\"228\"><strong data-start=\"71\" data-end=\"226\">Reklamto.de \u2013 T\u00fcrkische Superm\u00e4rkte, Restaurants, Shisha-Bars, Hochzeitsboutiquen, Reiseb\u00fcros &amp; Technikl\u00e4den in Mannheim, Stuttgart &amp; Baden-W\u00fcrttemberg<\/strong><\/p>\n<p data-start=\"230\" data-end=\"610\">Entdecke <strong data-start=\"239\" data-end=\"264\">t\u00fcrkische Restaurants<\/strong>, <strong data-start=\"266\" data-end=\"275\">Caf\u00e9s<\/strong>, <strong data-start=\"277\" data-end=\"292\">Shisha-Bars<\/strong>, <strong data-start=\"294\" data-end=\"307\">Brautmode<\/strong>, <strong data-start=\"309\" data-end=\"331\">Hochzeitsboutiquen<\/strong>, <strong data-start=\"333\" data-end=\"350\">Reiseangebote<\/strong>, <strong data-start=\"352\" data-end=\"369\">Flugagenturen<\/strong>, <strong data-start=\"371\" data-end=\"386\">Smartphones<\/strong>, <strong data-start=\"388\" data-end=\"404\">Handyzubeh\u00f6r<\/strong> und <strong data-start=\"409\" data-end=\"425\">lokale Shops<\/strong>. Vergleiche <strong data-start=\"438\" data-end=\"450\">Angebote<\/strong>, finde <strong data-start=\"458\" data-end=\"471\">Prospekte<\/strong>, nutze <strong data-start=\"479\" data-end=\"497\">Sonderaktionen<\/strong> und entdecke <strong data-start=\"511\" data-end=\"531\">lokale Gesch\u00e4fte<\/strong> der <strong data-start=\"536\" data-end=\"568\">deutsch-t\u00fcrkischen Community<\/strong> \u2013 schnell, \u00fcbersichtlich und kostenlos.<\/p>\n\n\n<div class=\"wp-block-group alignwide is-content-justification-space-between is-layout-flex wp-container-core-group-is-layout-b2891da8 wp-block-group-is-layout-flex\"><nav class=\"is-responsive items-justified-right wp-block-navigation is-content-justification-right is-layout-flex wp-container-core-navigation-is-layout-f665d2b5 wp-block-navigation-is-layout-flex\" aria-label=\"Fu\u00dfzeilennavigation\" \n\t\t data-wp-interactive=\"core\/navigation\" data-wp-context='{\"overlayOpenedBy\":{\"click\":false,\"hover\":false,\"focus\":false},\"type\":\"overlay\",\"roleAttribute\":\"\",\"ariaLabel\":\"Men\\u00fc\"}'><button aria-haspopup=\"dialog\" aria-label=\"Men\u00fcy\u00fc a\u00e7\" class=\"wp-block-navigation__responsive-container-open\" \n\t\t\t\tdata-wp-on--click=\"actions.openMenuOnClick\"\n\t\t\t\tdata-wp-on--keydown=\"actions.handleMenuKeydown\"\n\t\t\t><svg width=\"24\" height=\"24\" xmlns=\"http:\/\/www.w3.org\/2000\/svg\" viewBox=\"0 0 24 24\" aria-hidden=\"true\" focusable=\"false\"><path d=\"M4 7.5h16v1.5H4z\"><\/path><path d=\"M4 15h16v1.5H4z\"><\/path><\/svg><\/button>\n\t\t\t\t<div class=\"wp-block-navigation__responsive-container\"  id=\"modal-1\" \n\t\t\t\tdata-wp-class--has-modal-open=\"state.isMenuOpen\"\n\t\t\t\tdata-wp-class--is-menu-open=\"state.isMenuOpen\"\n\t\t\t\tdata-wp-watch=\"callbacks.initMenu\"\n\t\t\t\tdata-wp-on--keydown=\"actions.handleMenuKeydown\"\n\t\t\t\tdata-wp-on--focusout=\"actions.handleMenuFocusout\"\n\t\t\t\ttabindex=\"-1\"\n\t\t\t>\n\t\t\t\t\t<div class=\"wp-block-navigation__responsive-close\" tabindex=\"-1\">\n\t\t\t\t\t\t<div class=\"wp-block-navigation__responsive-dialog\" \n\t\t\t\tdata-wp-bind--aria-modal=\"state.ariaModal\"\n\t\t\t\tdata-wp-bind--aria-label=\"state.ariaLabel\"\n\t\t\t\tdata-wp-bind--role=\"state.roleAttribute\"\n\t\t\t>\n\t\t\t\t\t\t\t<button aria-label=\"Men\u00fcy\u00fc kapat\" class=\"wp-block-navigation__responsive-container-close\" \n\t\t\t\tdata-wp-on--click=\"actions.closeMenuOnClick\"\n\t\t\t><svg xmlns=\"http:\/\/www.w3.org\/2000\/svg\" viewBox=\"0 0 24 24\" width=\"24\" height=\"24\" aria-hidden=\"true\" focusable=\"false\"><path d=\"m13.06 12 6.47-6.47-1.06-1.06L12 10.94 5.53 4.47 4.47 5.53 10.94 12l-6.47 6.47 1.06 1.06L12 13.06l6.47 6.47 1.06-1.06L13.06 12Z\"><\/path><\/svg><\/button>\n\t\t\t\t\t\t\t<div class=\"wp-block-navigation__responsive-container-content\" \n\t\t\t\tdata-wp-watch=\"callbacks.focusFirstElement\"\n\t\t\t id=\"modal-1-content\">\n\t\t\t\t\t\t\t\t<ul class=\"wp-block-navigation__container is-responsive items-justified-right wp-block-navigation\"><li class=\" wp-block-navigation-item wp-block-navigation-link\"><a class=\"wp-block-navigation-item__content\"  href=\"https:\/\/reklamto.de\/tr\/impressum\/\"><span class=\"wp-block-navigation-item__label\">Impressum<\/span><\/a><\/li><li class=\" wp-block-navigation-item wp-block-navigation-link\"><a class=\"wp-block-navigation-item__content\"  href=\"https:\/\/reklamto.de\/tr\/agb\/\"><span class=\"wp-block-navigation-item__label\">AGB<\/span><\/a><\/li><li class=\" wp-block-navigation-item wp-block-navigation-link\"><a class=\"wp-block-navigation-item__content\"  href=\"https:\/\/reklamto.de\/tr\/datenschutzerklaerung\/\"><span class=\"wp-block-navigation-item__label\">Privatsph\u00e4re und Datenschutz<\/span><\/a><\/li><\/ul>\n\t\t\t\t\t\t\t<\/div>\n\t\t\t\t\t\t<\/div>\n\t\t\t\t\t<\/div>\n\t\t\t\t<\/div><\/nav><\/div>\n\n\n\n<script data-ad-client=\"ca-pub-0493981314266955\" async=\"\" src=\"https:\/\/pagead2.googlesyndication.com\/pagead\/js\/adsbygoogle.js\" type=\"text\/javascript\">\n<\/script>\n\n\n\n<p><\/p>\n","protected":false},"excerpt":{"rendered":"<p>T\u00fcrkische Restaurant Supermarkt Mannheim Stuttgart uva. Reklamto.de \u2013 T\u00fcrkische Superm\u00e4rkte, Restaurants, Shisha-Bars, Hochzeitsboutiquen, Reiseb\u00fcros &amp; Technikl\u00e4den in Mannheim, Stuttgart &amp; [&hellip;]<\/p>\n","protected":false},"author":1,"featured_media":0,"parent":0,"menu_order":0,"comment_status":"closed","ping_status":"closed","template":"","meta":{"site-sidebar-layout":"default","site-content-layout":"","ast-site-content-layout":"default","site-content-style":"default","site-sidebar-style":"default","ast-global-header-display":"","ast-banner-title-visibility":"","ast-main-header-display":"","ast-hfb-above-header-display":"","ast-hfb-below-header-display":"","ast-hfb-mobile-header-display":"","site-post-title":"","ast-breadcrumbs-content":"","ast-featured-img":"","footer-sml-layout":"","ast-disable-related-posts":"","theme-transparent-header-meta":"","adv-header-id-meta":"","stick-header-meta":"","header-above-stick-meta":"","header-main-stick-meta":"","header-below-stick-meta":"","astra-migrate-meta-layouts":"default","ast-page-background-enabled":"default","ast-page-background-meta":{"desktop":{"background-color":"var(--ast-global-color-5)","background-image":"","background-repeat":"repeat","background-position":"center center","background-size":"auto","background-attachment":"scroll","background-type":"","background-media":"","overlay-type":"","overlay-color":"","overlay-opacity":"","overlay-gradient":""},"tablet":{"background-color":"","background-image":"","background-repeat":"repeat","background-position":"center center","background-size":"auto","background-attachment":"scroll","background-type":"","background-media":"","overlay-type":"","overlay-color":"","overlay-opacity":"","overlay-gradient":""},"mobile":{"background-color":"","background-image":"","background-repeat":"repeat","background-position":"center center","background-size":"auto","background-attachment":"scroll","background-type":"","background-media":"","overlay-type":"","overlay-color":"","overlay-opacity":"","overlay-gradient":""}},"ast-content-background-meta":{"desktop":{"background-color":"var(--ast-global-color-4)","background-image":"","background-repeat":"repeat","background-position":"center center","background-size":"auto","background-attachment":"scroll","background-type":"","background-media":"","overlay-type":"","overlay-color":"","overlay-opacity":"","overlay-gradient":""},"tablet":{"background-color":"var(--ast-global-color-4)","background-image":"","background-repeat":"repeat","background-position":"center center","background-size":"auto","background-attachment":"scroll","background-type":"","background-media":"","overlay-type":"","overlay-color":"","overlay-opacity":"","overlay-gradient":""},"mobile":{"background-color":"var(--ast-global-color-4)","background-image":"","background-repeat":"repeat","background-position":"center center","background-size":"auto","background-attachment":"scroll","background-type":"","background-media":"","overlay-type":"","overlay-color":"","overlay-opacity":"","overlay-gradient":""}},"pgc_sgb_lightbox_settings":"","_themeisle_gutenberg_block_has_review":false,"footnotes":""},"class_list":["post-782","page","type-page","status-publish","hentry"],"_links":{"self":[{"href":"https:\/\/reklamto.de\/tr\/wp-json\/wp\/v2\/pages\/782","targetHints":{"allow":["GET"]}}],"collection":[{"href":"https:\/\/reklamto.de\/tr\/wp-json\/wp\/v2\/pages"}],"about":[{"href":"https:\/\/reklamto.de\/tr\/wp-json\/wp\/v2\/types\/page"}],"author":[{"embeddable":true,"href":"https:\/\/reklamto.de\/tr\/wp-json\/wp\/v2\/users\/1"}],"replies":[{"embeddable":true,"href":"https:\/\/reklamto.de\/tr\/wp-json\/wp\/v2\/comments?post=782"}],"version-history":[{"count":0,"href":"https:\/\/reklamto.de\/tr\/wp-json\/wp\/v2\/pages\/782\/revisions"}],"wp:attachment":[{"href":"https:\/\/reklamto.de\/tr\/wp-json\/wp\/v2\/media?parent=782"}],"curies":[{"name":"wp","href":"https:\/\/api.w.org\/{rel}","templated":true}]}}