{"id":895,"date":"2026-03-05T16:26:26","date_gmt":"2026-03-05T16:26:26","guid":{"rendered":"https:\/\/reklamto.de\/?page_id=895"},"modified":"2026-03-18T19:57:04","modified_gmt":"2026-03-18T19:57:04","slug":"bremen-turkische-supermarkt-restaurant","status":"publish","type":"page","link":"https:\/\/reklamto.de\/tr\/bremen-turkische-supermarkt-restaurant\/","title":{"rendered":"Bremen"},"content":{"rendered":"\n<h1 class=\"wp-block-heading\"><strong>T\u00fcrkische <strong>Supermarkt Restaurant<\/strong><\/strong> Bremen uva.<\/h1>\n\n\n<div class=\"pgc-sgb-cb wp-block-pgcsimplygalleryblock-slider \" data-gallery-id=\"6db53173\"style=&quot;min-height:400px&quot;><div class=\"sgb-preloader\" id=\"pr_6db53173\">\n\t<div class=\"sgb-square\" style=\"background:#d4d4d4\"><\/div>\n\t<div class=\"sgb-square\" style=\"background:#d4d4d4\"><\/div>\n\t<div class=\"sgb-square\" style=\"background:#d4d4d4\"><\/div>\n\t<div class=\"sgb-square\" style=\"background:#d4d4d4\"><\/div><\/div><div class=\"simply-gallery-amp pgc_sgb_slider \"><noscript><div class=\"sgb-gallery\"><div class=\"sgb-item\"><a href=\"https:\/\/reklamto.de\/pgc_simply_gallery\/rheinland-pfalz\/chatgpt-image-28-maerz-2026-10_26_47\/\" target=\"_blank\"><img decoding=\"async\" alt=\"\" width=\"300\" height=\"200\" loading=\"lazy\" src=\"https:\/\/reklamto.de\/wp-content\/uploads\/2026\/03\/ChatGPT-Image-28.-Maerz-2026-10_26_47-300x200.png\" srcset=\"https:\/\/reklamto.de\/wp-content\/uploads\/2026\/03\/ChatGPT-Image-28.-Maerz-2026-10_26_47-300x200.png 300w,https:\/\/reklamto.de\/wp-content\/uploads\/2026\/03\/ChatGPT-Image-28.-Maerz-2026-10_26_47-1024x683.png 1024w,https:\/\/reklamto.de\/wp-content\/uploads\/2026\/03\/ChatGPT-Image-28.-Maerz-2026-10_26_47.png 1536w\" sizes=\"auto, 250px\"\/><\/a><\/div><\/div><\/noscript><\/div><script type=\"application\/json\" class=\"sgb-data\">{\"sliderAdminWidth\":1200,\"galleryType\":\"pgc_sgb_slider\",\"galleryId\":\"6db53173\",\"images\":[{\"id\":2370,\"title\":\"ChatGPT Image 28. M\u00e4rz 2026, 10_26_47\",\"url\":\"https:\/\/reklamto.de\/wp-content\/uploads\/2026\/03\/ChatGPT-Image-28.-Maerz-2026-10_26_47.png\",\"link\":\"https:\/\/reklamto.de\/pgc_simply_gallery\/rheinland-pfalz\/chatgpt-image-28-maerz-2026-10_26_47\/\",\"alt\":\"\",\"description\":\"\",\"caption\":\"\",\"mime\":\"image\/png\",\"type\":\"image\",\"width\":1536,\"height\":1024,\"sizes\":{\"thumbnail\":{\"height\":150,\"width\":150,\"url\":\"https:\/\/reklamto.de\/wp-content\/uploads\/2026\/03\/ChatGPT-Image-28.-Maerz-2026-10_26_47-150x150.png\",\"orientation\":\"landscape\"},\"medium\":{\"height\":200,\"width\":300,\"url\":\"https:\/\/reklamto.de\/wp-content\/uploads\/2026\/03\/ChatGPT-Image-28.-Maerz-2026-10_26_47-300x200.png\",\"orientation\":\"landscape\"},\"large\":{\"height\":683,\"width\":1024,\"url\":\"https:\/\/reklamto.de\/wp-content\/uploads\/2026\/03\/ChatGPT-Image-28.-Maerz-2026-10_26_47-1024x683.png\",\"orientation\":\"landscape\"},\"full\":{\"url\":\"https:\/\/reklamto.de\/wp-content\/uploads\/2026\/03\/ChatGPT-Image-28.-Maerz-2026-10_26_47.png\",\"height\":1024,\"width\":1536,\"orientation\":\"landscape\"}},\"imageMeta\":{\"aperture\":\"0\",\"credit\":\"\",\"camera\":\"\",\"caption\":\"\",\"created_timestamp\":\"0\",\"copyright\":\"\",\"focal_length\":\"0\",\"iso\":\"0\",\"shutter_speed\":\"0\",\"title\":\"\",\"orientation\":\"0\",\"keywords\":[]},\"meta\":false,\"postlink\":\"https:\/\/reklamto.de\/pgc_simply_gallery\/rheinland-pfalz\/chatgpt-image-28-maerz-2026-10_26_47\/\"}],\"itemsMetaDataCollection\":[{\"link\":\"https:\/\/wa.me\/491623906116\",\"linkTarget\":\"_self\",\"linkText\":\"\",\"tags\":[],\"id\":2370}],\"hasCustomCSS\":false,\"customCSS\":\"\",\"TrpContentRestriction\":{\"restriction_type\":\"exclude\",\"selected_languages\":[],\"panel_open\":true},\"otterConditions\":[]}<\/script><script>(function(){if(window.PGC_SGB && window.PGC_SGB.searcher){window.PGC_SGB.searcher.initBlocks()}})()<\/script><\/div>\n\n\n\n<p><\/p>\n\n\n<nav class=\"is-responsive ext-animate--on wp-block-navigation is-layout-flex wp-block-navigation-is-layout-flex\" aria-label=\"Fu\u00dfzeilennavigation\" \n\t\t data-wp-interactive=\"core\/navigation\" data-wp-context='{\"overlayOpenedBy\":{\"click\":false,\"hover\":false,\"focus\":false},\"type\":\"overlay\",\"roleAttribute\":\"\",\"ariaLabel\":\"Men\\u00fc\"}'><button aria-haspopup=\"dialog\" aria-label=\"Men\u00fcy\u00fc a\u00e7\" class=\"wp-block-navigation__responsive-container-open\" \n\t\t\t\tdata-wp-on--click=\"actions.openMenuOnClick\"\n\t\t\t\tdata-wp-on--keydown=\"actions.handleMenuKeydown\"\n\t\t\t><svg width=\"24\" height=\"24\" xmlns=\"http:\/\/www.w3.org\/2000\/svg\" viewBox=\"0 0 24 24\" aria-hidden=\"true\" focusable=\"false\"><path d=\"M4 7.5h16v1.5H4z\"><\/path><path d=\"M4 15h16v1.5H4z\"><\/path><\/svg><\/button>\n\t\t\t\t<div class=\"wp-block-navigation__responsive-container\"  id=\"modal-1\" \n\t\t\t\tdata-wp-class--has-modal-open=\"state.isMenuOpen\"\n\t\t\t\tdata-wp-class--is-menu-open=\"state.isMenuOpen\"\n\t\t\t\tdata-wp-watch=\"callbacks.initMenu\"\n\t\t\t\tdata-wp-on--keydown=\"actions.handleMenuKeydown\"\n\t\t\t\tdata-wp-on--focusout=\"actions.handleMenuFocusout\"\n\t\t\t\ttabindex=\"-1\"\n\t\t\t>\n\t\t\t\t\t<div class=\"wp-block-navigation__responsive-close\" tabindex=\"-1\">\n\t\t\t\t\t\t<div class=\"wp-block-navigation__responsive-dialog\" \n\t\t\t\tdata-wp-bind--aria-modal=\"state.ariaModal\"\n\t\t\t\tdata-wp-bind--aria-label=\"state.ariaLabel\"\n\t\t\t\tdata-wp-bind--role=\"state.roleAttribute\"\n\t\t\t>\n\t\t\t\t\t\t\t<button aria-label=\"Men\u00fcy\u00fc kapat\" class=\"wp-block-navigation__responsive-container-close\" \n\t\t\t\tdata-wp-on--click=\"actions.closeMenuOnClick\"\n\t\t\t><svg xmlns=\"http:\/\/www.w3.org\/2000\/svg\" viewBox=\"0 0 24 24\" width=\"24\" height=\"24\" aria-hidden=\"true\" focusable=\"false\"><path d=\"m13.06 12 6.47-6.47-1.06-1.06L12 10.94 5.53 4.47 4.47 5.53 10.94 12l-6.47 6.47 1.06 1.06L12 13.06l6.47 6.47 1.06-1.06L13.06 12Z\"><\/path><\/svg><\/button>\n\t\t\t\t\t\t\t<div class=\"wp-block-navigation__responsive-container-content\" \n\t\t\t\tdata-wp-watch=\"callbacks.focusFirstElement\"\n\t\t\t id=\"modal-1-content\">\n\t\t\t\t\t\t\t\t<ul class=\"wp-block-navigation__container is-responsive ext-animate--on wp-block-navigation\"><li class=\" wp-block-navigation-item wp-block-navigation-link\"><a class=\"wp-block-navigation-item__content\"  href=\"https:\/\/reklamto.de\/tr\/impressum\/\"><span class=\"wp-block-navigation-item__label\">Impressum<\/span><\/a><\/li><li class=\" wp-block-navigation-item wp-block-navigation-link\"><a class=\"wp-block-navigation-item__content\"  href=\"https:\/\/reklamto.de\/tr\/agb\/\"><span class=\"wp-block-navigation-item__label\">AGB<\/span><\/a><\/li><li class=\" wp-block-navigation-item wp-block-navigation-link\"><a class=\"wp-block-navigation-item__content\"  href=\"https:\/\/reklamto.de\/tr\/datenschutzerklaerung\/\"><span class=\"wp-block-navigation-item__label\">Privatsph\u00e4re und Datenschutz<\/span><\/a><\/li><\/ul>\n\t\t\t\t\t\t\t<\/div>\n\t\t\t\t\t\t<\/div>\n\t\t\t\t\t<\/div>\n\t\t\t\t<\/div><\/nav>\n\n\n<p><\/p>\n","protected":false},"excerpt":{"rendered":"<p>T\u00fcrk s\u00fcpermarket restoran\u0131 Bremen vb.<\/p>","protected":false},"author":1,"featured_media":0,"parent":0,"menu_order":0,"comment_status":"closed","ping_status":"closed","template":"","meta":{"site-sidebar-layout":"default","site-content-layout":"","ast-site-content-layout":"default","site-content-style":"default","site-sidebar-style":"default","ast-global-header-display":"","ast-banner-title-visibility":"","ast-main-header-display":"","ast-hfb-above-header-display":"","ast-hfb-below-header-display":"","ast-hfb-mobile-header-display":"","site-post-title":"","ast-breadcrumbs-content":"","ast-featured-img":"","footer-sml-layout":"","ast-disable-related-posts":"","theme-transparent-header-meta":"","adv-header-id-meta":"","stick-header-meta":"","header-above-stick-meta":"","header-main-stick-meta":"","header-below-stick-meta":"","astra-migrate-meta-layouts":"default","ast-page-background-enabled":"default","ast-page-background-meta":{"desktop":{"background-color":"var(--ast-global-color-5)","background-image":"","background-repeat":"repeat","background-position":"center center","background-size":"auto","background-attachment":"scroll","background-type":"","background-media":"","overlay-type":"","overlay-color":"","overlay-opacity":"","overlay-gradient":""},"tablet":{"background-color":"","background-image":"","background-repeat":"repeat","background-position":"center center","background-size":"auto","background-attachment":"scroll","background-type":"","background-media":"","overlay-type":"","overlay-color":"","overlay-opacity":"","overlay-gradient":""},"mobile":{"background-color":"","background-image":"","background-repeat":"repeat","background-position":"center center","background-size":"auto","background-attachment":"scroll","background-type":"","background-media":"","overlay-type":"","overlay-color":"","overlay-opacity":"","overlay-gradient":""}},"ast-content-background-meta":{"desktop":{"background-color":"var(--ast-global-color-4)","background-image":"","background-repeat":"repeat","background-position":"center center","background-size":"auto","background-attachment":"scroll","background-type":"","background-media":"","overlay-type":"","overlay-color":"","overlay-opacity":"","overlay-gradient":""},"tablet":{"background-color":"var(--ast-global-color-4)","background-image":"","background-repeat":"repeat","background-position":"center center","background-size":"auto","background-attachment":"scroll","background-type":"","background-media":"","overlay-type":"","overlay-color":"","overlay-opacity":"","overlay-gradient":""},"mobile":{"background-color":"var(--ast-global-color-4)","background-image":"","background-repeat":"repeat","background-position":"center center","background-size":"auto","background-attachment":"scroll","background-type":"","background-media":"","overlay-type":"","overlay-color":"","overlay-opacity":"","overlay-gradient":""}},"pgc_sgb_lightbox_settings":"","_themeisle_gutenberg_block_has_review":false,"footnotes":""},"class_list":["post-895","page","type-page","status-publish","hentry"],"_links":{"self":[{"href":"https:\/\/reklamto.de\/tr\/wp-json\/wp\/v2\/pages\/895","targetHints":{"allow":["GET"]}}],"collection":[{"href":"https:\/\/reklamto.de\/tr\/wp-json\/wp\/v2\/pages"}],"about":[{"href":"https:\/\/reklamto.de\/tr\/wp-json\/wp\/v2\/types\/page"}],"author":[{"embeddable":true,"href":"https:\/\/reklamto.de\/tr\/wp-json\/wp\/v2\/users\/1"}],"replies":[{"embeddable":true,"href":"https:\/\/reklamto.de\/tr\/wp-json\/wp\/v2\/comments?post=895"}],"version-history":[{"count":0,"href":"https:\/\/reklamto.de\/tr\/wp-json\/wp\/v2\/pages\/895\/revisions"}],"wp:attachment":[{"href":"https:\/\/reklamto.de\/tr\/wp-json\/wp\/v2\/media?parent=895"}],"curies":[{"name":"wp","href":"https:\/\/api.w.org\/{rel}","templated":true}]}}